{"id":376,"date":"2024-07-16T16:07:09","date_gmt":"2024-07-16T14:07:09","guid":{"rendered":"https:\/\/www.vorleser-schmidt.de\/wordpress\/?page_id=376"},"modified":"2024-07-16T18:14:41","modified_gmt":"2024-07-16T16:14:41","slug":"ueber-mich","status":"publish","type":"page","link":"http:\/\/www.vorleser-schmidt.de\/wordpress\/ueber-mich\/","title":{"rendered":"\u00dcber mich"},"content":{"rendered":"\t\t<div data-elementor-type=\"wp-page\" data-elementor-id=\"376\" class=\"elementor elementor-376\">\n\t\t\t\t<div class=\"elementor-element elementor-element-cbfcd70 e-flex e-con-boxed e-con e-parent\" data-id=\"cbfcd70\" data-element_type=\"container\">\n\t\t\t\t\t<div class=\"e-con-inner\">\n\t\t<div class=\"elementor-element elementor-element-5e12007 e-grid e-con-full e-con e-child\" data-id=\"5e12007\" data-element_type=\"container\">\n\t\t\t\t<div class=\"elementor-element elementor-element-04aab84 elementor-widget elementor-widget-image\" data-id=\"04aab84\" data-element_type=\"widget\" data-widget_type=\"image.default\">\n\t\t\t\t<div class=\"elementor-widget-container\">\n\t\t\t<style>\/*! elementor - v3.23.0 - 15-07-2024 *\/\n.elementor-widget-image{text-align:center}.elementor-widget-image a{display:inline-block}.elementor-widget-image a img[src$=\".svg\"]{width:48px}.elementor-widget-image img{vertical-align:middle;display:inline-block}<\/style>\t\t\t\t\t\t\t\t\t\t<img fetchpriority=\"high\" decoding=\"async\" width=\"187\" height=\"269\" src=\"http:\/\/www.vorleser-schmidt.de\/wordpress\/wp-content\/uploads\/vorleser-schmidt2.png\" class=\"attachment-large size-large wp-image-381\" alt=\"\" \/>\t\t\t\t\t\t\t\t\t\t\t\t\t<\/div>\n\t\t\t\t<\/div>\n\t\t\t\t<div class=\"elementor-element elementor-element-ef88fd2 elementor-widget elementor-widget-text-editor\" data-id=\"ef88fd2\" data-element_type=\"widget\" data-widget_type=\"text-editor.default\">\n\t\t\t\t<div class=\"elementor-widget-container\">\n\t\t\t<style>\/*! elementor - v3.23.0 - 15-07-2024 *\/\n.elementor-widget-text-editor.elementor-drop-cap-view-stacked .elementor-drop-cap{background-color:#69727d;color:#fff}.elementor-widget-text-editor.elementor-drop-cap-view-framed .elementor-drop-cap{color:#69727d;border:3px solid;background-color:transparent}.elementor-widget-text-editor:not(.elementor-drop-cap-view-default) .elementor-drop-cap{margin-top:8px}.elementor-widget-text-editor:not(.elementor-drop-cap-view-default) .elementor-drop-cap-letter{width:1em;height:1em}.elementor-widget-text-editor .elementor-drop-cap{float:left;text-align:center;line-height:1;font-size:50px}.elementor-widget-text-editor .elementor-drop-cap-letter{display:inline-block}<\/style>\t\t\t\t<h4>Ich hei\u00dfe Hans Jochim Schmidt, bin 1938 geboren und lebe als emeritierter Professor f\u00fcr Grundschulp\u00e4\u00addagogik in Papenburg.<\/h4>\t\t\t\t\t\t<\/div>\n\t\t\t\t<\/div>\n\t\t<div class=\"elementor-element elementor-element-a3b9895 e-con-full e-flex e-con e-child\" data-id=\"a3b9895\" data-element_type=\"container\">\n\t\t\t\t<\/div>\n\t\t<div class=\"elementor-element elementor-element-6f3cd32 e-con-full e-flex e-con e-child\" data-id=\"6f3cd32\" data-element_type=\"container\">\n\t\t\t\t<\/div>\n\t\t\t\t<div class=\"elementor-element elementor-element-3f3a483 elementor-widget elementor-widget-text-editor\" data-id=\"3f3a483\" data-element_type=\"widget\" data-widget_type=\"text-editor.default\">\n\t\t\t\t<div class=\"elementor-widget-container\">\n\t\t\t\t\t\t\t<h4>Das Vorlesen ist mein Altersprojekt \u2013 eine Art \u201eSp\u00e4tlese\u201c, wenn Sie so wollen.<\/h4><h4>In meinem kleinen Verlag habe ich bisher alles selbst gemacht: Ich habe die Texte gelesen, sie St\u00fcck f\u00fcr St\u00fcck auf CD gebrannt, die Covers gestaltet und angefertigt und habe ver\u00adsucht meine H\u00f6rb\u00fccher zu verkaufen.<\/h4>\t\t\t\t\t\t<\/div>\n\t\t\t\t<\/div>\n\t\t\t\t<div class=\"elementor-element elementor-element-9380f3c elementor-widget elementor-widget-text-editor\" data-id=\"9380f3c\" data-element_type=\"widget\" data-widget_type=\"text-editor.default\">\n\t\t\t\t<div class=\"elementor-widget-container\">\n\t\t\t\t\t\t\t<h4>Aus Altersgr\u00fcnden habe ich mich jetzt entschlossen, die Produktion von \u201ephysischen\u201c H\u00f6rb\u00fcchern, also solchen, die man als CDs in die Hand nehmen kann, einzustellen. Alle meine H\u00f6rb\u00fccher \u2013 auch die k\u00fcnftigen \u2013 sind zu niedrigen Preisen herunterzuladen \u00fcber\u00a0www.audible.de<\/h4>\t\t\t\t\t\t<\/div>\n\t\t\t\t<\/div>\n\t\t\t\t<\/div>\n\t\t\t\t\t<\/div>\n\t\t\t\t<\/div>\n\t\t\t\t<\/div>\n\t\t","protected":false},"excerpt":{"rendered":"<p>Ich hei\u00dfe Hans Jochim Schmidt, bin 1938 geboren und lebe als emeritierter Professor f\u00fcr Grundschulp\u00e4\u00addagogik in Papenburg. Das Vorlesen ist mein Altersprojekt \u2013 eine Art \u201eSp\u00e4tlese\u201c, wenn Sie so wollen. In meinem kleinen Verlag habe ich bisher alles selbst gemacht: Ich habe die Texte gelesen, sie St\u00fcck f\u00fcr St\u00fcck auf CD gebrannt, die Covers gestaltet [&hellip;]<\/p>\n","protected":false},"author":2,"featured_media":0,"parent":0,"menu_order":0,"comment_status":"closed","ping_status":"closed","template":"","meta":{"footnotes":""},"_links":{"self":[{"href":"http:\/\/www.vorleser-schmidt.de\/wordpress\/wp-json\/wp\/v2\/pages\/376"}],"collection":[{"href":"http:\/\/www.vorleser-schmidt.de\/wordpress\/wp-json\/wp\/v2\/pages"}],"about":[{"href":"http:\/\/www.vorleser-schmidt.de\/wordpress\/wp-json\/wp\/v2\/types\/page"}],"author":[{"embeddable":true,"href":"http:\/\/www.vorleser-schmidt.de\/wordpress\/wp-json\/wp\/v2\/users\/2"}],"replies":[{"embeddable":true,"href":"http:\/\/www.vorleser-schmidt.de\/wordpress\/wp-json\/wp\/v2\/comments?post=376"}],"version-history":[{"count":16,"href":"http:\/\/www.vorleser-schmidt.de\/wordpress\/wp-json\/wp\/v2\/pages\/376\/revisions"}],"predecessor-version":[{"id":421,"href":"http:\/\/www.vorleser-schmidt.de\/wordpress\/wp-json\/wp\/v2\/pages\/376\/revisions\/421"}],"wp:attachment":[{"href":"http:\/\/www.vorleser-schmidt.de\/wordpress\/wp-json\/wp\/v2\/media?parent=376"}],"curies":[{"name":"wp","href":"https:\/\/api.w.org\/{rel}","templated":true}]}}