{"id":360,"date":"2024-07-16T15:35:49","date_gmt":"2024-07-16T13:35:49","guid":{"rendered":"https:\/\/www.vorleser-schmidt.de\/wordpress\/?page_id=360"},"modified":"2024-07-16T18:30:12","modified_gmt":"2024-07-16T16:30:12","slug":"home","status":"publish","type":"page","link":"http:\/\/www.vorleser-schmidt.de\/wordpress\/","title":{"rendered":"Home"},"content":{"rendered":"\t\t<div data-elementor-type=\"wp-page\" data-elementor-id=\"360\" class=\"elementor elementor-360\">\n\t\t\t\t<div class=\"elementor-element elementor-element-5b91365 e-flex e-con-boxed e-con e-parent\" data-id=\"5b91365\" data-element_type=\"container\">\n\t\t\t\t\t<div class=\"e-con-inner\">\n\t\t\t\t<div class=\"elementor-element elementor-element-ec2526a elementor-widget elementor-widget-text-editor\" data-id=\"ec2526a\" data-element_type=\"widget\" data-widget_type=\"text-editor.default\">\n\t\t\t\t<div class=\"elementor-widget-container\">\n\t\t\t<style>\/*! elementor - v3.23.0 - 15-07-2024 *\/\n.elementor-widget-text-editor.elementor-drop-cap-view-stacked .elementor-drop-cap{background-color:#69727d;color:#fff}.elementor-widget-text-editor.elementor-drop-cap-view-framed .elementor-drop-cap{color:#69727d;border:3px solid;background-color:transparent}.elementor-widget-text-editor:not(.elementor-drop-cap-view-default) .elementor-drop-cap{margin-top:8px}.elementor-widget-text-editor:not(.elementor-drop-cap-view-default) .elementor-drop-cap-letter{width:1em;height:1em}.elementor-widget-text-editor .elementor-drop-cap{float:left;text-align:center;line-height:1;font-size:50px}.elementor-widget-text-editor .elementor-drop-cap-letter{display:inline-block}<\/style>\t\t\t\t<h1 style=\"text-align: center;\">Herzlich willkommen beim Vorleser Schmidt H\u00f6rbuch Verlag!<\/h1>\t\t\t\t\t\t<\/div>\n\t\t\t\t<\/div>\n\t\t\t\t<div class=\"elementor-element elementor-element-e232896 elementor-widget-divider--view-line elementor-widget elementor-widget-divider\" data-id=\"e232896\" data-element_type=\"widget\" data-widget_type=\"divider.default\">\n\t\t\t\t<div class=\"elementor-widget-container\">\n\t\t\t<style>\/*! elementor - v3.23.0 - 15-07-2024 *\/\n.elementor-widget-divider{--divider-border-style:none;--divider-border-width:1px;--divider-color:#0c0d0e;--divider-icon-size:20px;--divider-element-spacing:10px;--divider-pattern-height:24px;--divider-pattern-size:20px;--divider-pattern-url:none;--divider-pattern-repeat:repeat-x}.elementor-widget-divider .elementor-divider{display:flex}.elementor-widget-divider .elementor-divider__text{font-size:15px;line-height:1;max-width:95%}.elementor-widget-divider .elementor-divider__element{margin:0 var(--divider-element-spacing);flex-shrink:0}.elementor-widget-divider .elementor-icon{font-size:var(--divider-icon-size)}.elementor-widget-divider .elementor-divider-separator{display:flex;margin:0;direction:ltr}.elementor-widget-divider--view-line_icon .elementor-divider-separator,.elementor-widget-divider--view-line_text .elementor-divider-separator{align-items:center}.elementor-widget-divider--view-line_icon .elementor-divider-separator:after,.elementor-widget-divider--view-line_icon .elementor-divider-separator:before,.elementor-widget-divider--view-line_text .elementor-divider-separator:after,.elementor-widget-divider--view-line_text .elementor-divider-separator:before{display:block;content:\"\";border-block-end:0;flex-grow:1;border-block-start:var(--divider-border-width) var(--divider-border-style) var(--divider-color)}.elementor-widget-divider--element-align-left .elementor-divider .elementor-divider-separator>.elementor-divider__svg:first-of-type{flex-grow:0;flex-shrink:100}.elementor-widget-divider--element-align-left .elementor-divider-separator:before{content:none}.elementor-widget-divider--element-align-left .elementor-divider__element{margin-left:0}.elementor-widget-divider--element-align-right .elementor-divider .elementor-divider-separator>.elementor-divider__svg:last-of-type{flex-grow:0;flex-shrink:100}.elementor-widget-divider--element-align-right .elementor-divider-separator:after{content:none}.elementor-widget-divider--element-align-right .elementor-divider__element{margin-right:0}.elementor-widget-divider--element-align-start .elementor-divider .elementor-divider-separator>.elementor-divider__svg:first-of-type{flex-grow:0;flex-shrink:100}.elementor-widget-divider--element-align-start .elementor-divider-separator:before{content:none}.elementor-widget-divider--element-align-start .elementor-divider__element{margin-inline-start:0}.elementor-widget-divider--element-align-end .elementor-divider .elementor-divider-separator>.elementor-divider__svg:last-of-type{flex-grow:0;flex-shrink:100}.elementor-widget-divider--element-align-end .elementor-divider-separator:after{content:none}.elementor-widget-divider--element-align-end .elementor-divider__element{margin-inline-end:0}.elementor-widget-divider:not(.elementor-widget-divider--view-line_text):not(.elementor-widget-divider--view-line_icon) .elementor-divider-separator{border-block-start:var(--divider-border-width) var(--divider-border-style) var(--divider-color)}.elementor-widget-divider--separator-type-pattern{--divider-border-style:none}.elementor-widget-divider--separator-type-pattern.elementor-widget-divider--view-line .elementor-divider-separator,.elementor-widget-divider--separator-type-pattern:not(.elementor-widget-divider--view-line) .elementor-divider-separator:after,.elementor-widget-divider--separator-type-pattern:not(.elementor-widget-divider--view-line) .elementor-divider-separator:before,.elementor-widget-divider--separator-type-pattern:not([class*=elementor-widget-divider--view]) .elementor-divider-separator{width:100%;min-height:var(--divider-pattern-height);-webkit-mask-size:var(--divider-pattern-size) 100%;mask-size:var(--divider-pattern-size) 100%;-webkit-mask-repeat:var(--divider-pattern-repeat);mask-repeat:var(--divider-pattern-repeat);background-color:var(--divider-color);-webkit-mask-image:var(--divider-pattern-url);mask-image:var(--divider-pattern-url)}.elementor-widget-divider--no-spacing{--divider-pattern-size:auto}.elementor-widget-divider--bg-round{--divider-pattern-repeat:round}.rtl .elementor-widget-divider .elementor-divider__text{direction:rtl}.e-con-inner>.elementor-widget-divider,.e-con>.elementor-widget-divider{width:var(--container-widget-width,100%);--flex-grow:var(--container-widget-flex-grow)}<\/style>\t\t<div class=\"elementor-divider\">\n\t\t\t<span class=\"elementor-divider-separator\">\n\t\t\t\t\t\t<\/span>\n\t\t<\/div>\n\t\t\t\t<\/div>\n\t\t\t\t<\/div>\n\t\t<div class=\"elementor-element elementor-element-c749a19 e-grid e-con-full e-con e-child\" data-id=\"c749a19\" data-element_type=\"container\">\n\t\t\t\t<div class=\"elementor-element elementor-element-c49c19a elementor-widget elementor-widget-text-editor\" data-id=\"c49c19a\" data-element_type=\"widget\" data-widget_type=\"text-editor.default\">\n\t\t\t\t<div class=\"elementor-widget-container\">\n\t\t\t\t\t\t\t<h4>\u00dcber 200 H\u00f6rb\u00fccher gibt es schon von mir und ich hoffe, es kommen noch einige dazu.<\/h4><h4>Der Zugriff auf meine H\u00f6rb\u00fccher erfolgt \u00fcber Audible.<\/h4><h4>H\u00f6ren Sie doch gerne einmal hinein:<\/h4><h3 style=\"text-align: center;\"><a href=\"http:\/\/www.audible.de\/search\/ref=sr_sort_salesrank?searchRank=salesrank&amp;searchNarrator=Hans+Jochim+Schmidt&amp;searchSize=20&amp;searchRankSelect=salesrank\" target=\"&quot;_blank\">www.audible.de<\/a><\/h3><h4>F\u00fcr Fragen und Anregungen\u00a0kontaktieren Sie mich bitte\u00a0<a href=\"http:\/\/www.vorleser-schmidt.de\/wordpress\/?page_id=15\">hier<\/a>.<\/h4>\t\t\t\t\t\t<\/div>\n\t\t\t\t<\/div>\n\t\t\t\t<div class=\"elementor-element elementor-element-7955a5e elementor-widget elementor-widget-image\" data-id=\"7955a5e\" data-element_type=\"widget\" data-widget_type=\"image.default\">\n\t\t\t\t<div class=\"elementor-widget-container\">\n\t\t\t<style>\/*! elementor - v3.23.0 - 15-07-2024 *\/\n.elementor-widget-image{text-align:center}.elementor-widget-image a{display:inline-block}.elementor-widget-image a img[src$=\".svg\"]{width:48px}.elementor-widget-image img{vertical-align:middle;display:inline-block}<\/style>\t\t\t\t\t\t\t\t\t\t<img fetchpriority=\"high\" decoding=\"async\" width=\"800\" height=\"316\" src=\"https:\/\/www.vorleser-schmidt.de\/wordpress\/wp-content\/uploads\/books-7284837-scaled-e1721147295690-1024x404.jpg\" class=\"attachment-large size-large wp-image-428\" alt=\"\" srcset=\"https:\/\/www.vorleser-schmidt.de\/wordpress\/wp-content\/uploads\/books-7284837-scaled-e1721147295690-1024x404.jpg 1024w, https:\/\/www.vorleser-schmidt.de\/wordpress\/wp-content\/uploads\/books-7284837-scaled-e1721147295690-300x118.jpg 300w, https:\/\/www.vorleser-schmidt.de\/wordpress\/wp-content\/uploads\/books-7284837-scaled-e1721147295690-768x303.jpg 768w, https:\/\/www.vorleser-schmidt.de\/wordpress\/wp-content\/uploads\/books-7284837-scaled-e1721147295690-1536x606.jpg 1536w, https:\/\/www.vorleser-schmidt.de\/wordpress\/wp-content\/uploads\/books-7284837-scaled-e1721147295690-2048x808.jpg 2048w\" sizes=\"(max-width: 800px) 100vw, 800px\" \/>\t\t\t\t\t\t\t\t\t\t\t\t\t<\/div>\n\t\t\t\t<\/div>\n\t\t\t\t<\/div>\n\t\t\t\t<div class=\"elementor-element elementor-element-55e1d18 elementor-widget-divider--view-line elementor-widget elementor-widget-divider\" data-id=\"55e1d18\" data-element_type=\"widget\" data-widget_type=\"divider.default\">\n\t\t\t\t<div class=\"elementor-widget-container\">\n\t\t\t\t\t<div class=\"elementor-divider\">\n\t\t\t<span class=\"elementor-divider-separator\">\n\t\t\t\t\t\t<\/span>\n\t\t<\/div>\n\t\t\t\t<\/div>\n\t\t\t\t<\/div>\n\t\t\t\t\t<\/div>\n\t\t\t\t<\/div>\n\t\t<div class=\"elementor-element elementor-element-fa82a7d e-flex e-con-boxed e-con e-parent\" data-id=\"fa82a7d\" data-element_type=\"container\">\n\t\t\t\t\t<div class=\"e-con-inner\">\n\t\t\t\t<div class=\"elementor-element elementor-element-5b8b7d5 elementor-widget elementor-widget-counter\" data-id=\"5b8b7d5\" data-element_type=\"widget\" data-widget_type=\"counter.default\">\n\t\t\t\t<div class=\"elementor-widget-container\">\n\t\t\t<style>\/*! elementor - v3.23.0 - 15-07-2024 *\/\n.elementor-counter{display:flex;justify-content:center;align-items:stretch;flex-direction:column-reverse}.elementor-counter .elementor-counter-number{flex-grow:var(--counter-number-grow,0)}.elementor-counter .elementor-counter-number-wrapper{flex:1;display:flex;font-size:69px;font-weight:600;line-height:1;text-align:center}.elementor-counter .elementor-counter-number-prefix{text-align:end;flex-grow:var(--counter-prefix-grow,1);white-space:pre-wrap}.elementor-counter .elementor-counter-number-suffix{text-align:start;flex-grow:var(--counter-suffix-grow,1);white-space:pre-wrap}.elementor-counter .elementor-counter-title{flex:1;display:flex;justify-content:center;align-items:center;margin:0;padding:0;font-size:19px;font-weight:400;line-height:2.5}<\/style>\t\t<div class=\"elementor-counter\">\n\t\t\t\t\t\t<div class=\"elementor-counter-number-wrapper\">\n\t\t\t\t<span class=\"elementor-counter-number-prefix\"><\/span>\n\t\t\t\t<span class=\"elementor-counter-number\" data-duration=\"8100\" data-to-value=\"260\" data-from-value=\"0\" data-delimiter=\",\">0<\/span>\n\t\t\t\t<span class=\"elementor-counter-number-suffix\"> H\u00f6rb\u00fccher<\/span>\n\t\t\t<\/div>\n\t\t<\/div>\n\t\t\t\t<\/div>\n\t\t\t\t<\/div>\n\t\t\t\t<div class=\"elementor-element elementor-element-78b85df elementor-widget elementor-widget-html\" data-id=\"78b85df\" data-element_type=\"widget\" data-widget_type=\"html.default\">\n\t\t\t\t<div class=\"elementor-widget-container\">\n\t\t\t\r\n<!-- Start Laufschrift -->\r\n<marquee direction=\"left\" behavior=\"scroll\" scrollamount=\"5\" scrolldelay=\"1\" style=\"color:#613204;font-size:30px;font-family:Arial;\" onmouseover=\"this.stop();\" onmouseout=\"this.start();\">\r\n\r\n<p>\r\nAugust <strong>Apel, <\/strong>\r\n<strong> Ariosto, <\/strong>\r\nAurelius <strong>Augustinus, <\/strong>\r\nWilhelmine von <strong>Bayreuth, <\/strong>\r\nFriedrich <strong>Blaul, <\/strong>\r\nGeorg <strong>B\u00fcchner, <\/strong>\r\nGottfried August <strong>B\u00fcrger, <\/strong>\r\nLu\u00ees de <strong>Cam\u00f5es, <\/strong>\r\nCharles <strong>Dickens, <\/strong>\r\nFjodor <strong>Dostojewski, <\/strong>\r\nKarl Egon <strong>Ebert, <\/strong>\r\nJohann Peter <strong>Eckermann, <\/strong>\r\nJoseph von <strong>Eichendorff, <\/strong>\r\nHenry <strong>Fielding, <\/strong>\r\nGustav <strong>Freytag, <\/strong>\r\nChristian F\u00fcrchtegott <strong>Gellert, <\/strong>\r\nPaul <strong>Gerhardt, <\/strong>\r\nJohannes <strong>Gillhoff, <\/strong>\r\nJohann Wolfgang von <strong>Goethe, <\/strong>\r\nJohann Melchior <strong>Goeze, <\/strong>\r\nOliver <strong>Goldsmith, <\/strong>\r\nFranz <strong>Grillparzer, <\/strong>\r\nJacob und Wilhelm <strong>Grimm, <\/strong>\r\nWilhelm <strong>Hauff, <\/strong>\r\nGerhart <strong>Hauptmann, <\/strong>\r\nFriedrich <strong>Hebbel, <\/strong>\r\nJohann Peter <strong>Hebel, <\/strong>\r\nHeinrich <strong>Heine, <\/strong>\r\nE.T.A. <strong>Hoffmann, <\/strong>\r\nHugo von <strong>Hofmannsthal, <\/strong>\r\nFriedrich <strong>H\u00f6lderlin, <\/strong>\r\n<strong> Homer,<\/strong>\r\nRicarda <strong>Huch, <\/strong>\r\nJohann Heinrich <strong>Jung-Stilling, <\/strong>\r\nGottfried <strong>Keller, <\/strong>\r\nHeinrich von <strong>Kleist, <\/strong>\r\nJochen <strong>Klepper, <\/strong>\r\nWilhelm von <strong>K\u00fcgelgen, <\/strong>\r\nGotthold Ephraim <strong>Lessing, <\/strong>\r\nMartin <strong>Luther, <\/strong>\r\nHeinrich <strong>Mann, <\/strong> \r\nConrad Ferdinand <strong>Meyer, <\/strong>\r\nEdmund <strong>Meyer, <\/strong>\r\nAdam <strong>M\u00fcller, <\/strong>\r\nFriedrich <strong>Nietzsche, <\/strong>\r\n<strong>Novalis, <\/strong>\r\n<strong>Ovid, <\/strong>\r\nJulius von <strong>Pflugk-Harttung, <\/strong>\r\nFritz <strong>Reuter, <\/strong>\r\nLudwig <strong>Richter, <\/strong>\r\nDorothee <strong>Riedel, <\/strong>\r\nJoseph Victor von <strong>Scheffel, <\/strong>\r\nFriedrich <strong>Schiller, <\/strong>\r\nArthur <strong>Schopenhauer, <\/strong>\r\nJohann Gottlieb <strong>Schummel, <\/strong>\r\nAlbert <strong>Schweitzer, <\/strong>\r\nHeinrich <strong>Seidel, <\/strong>\r\nAdalbert <strong>Stifter, <\/strong>\r\nTheodor <strong>Storm, <\/strong>\r\nReinhard <strong>Strehl, <\/strong>\r\nTorquato <strong>Tasso, <\/strong>\r\nWilliam M. <strong>Thackeray, <\/strong>\r\nLudwig <strong>Tieck, <\/strong>\r\nFelix <strong>Timmermans, <\/strong>\r\nRichard von <strong>Volkmann-Leander, <\/strong>\r\nJohann Heinrich <strong>Vo\u00df, <\/strong>\r\nWilhelm Heinrich <strong>Wackenroder, <\/strong>\r\nJakob <strong>Wassermann, <\/strong>\r\nChristoph Martin <strong>Wieland, <\/strong>\r\nWilhelm <strong>Wisser, <\/strong>\r\nStefan <strong>Zweig, <\/strong>\r\n\r\n<\/p>\r\n<\/marquee>\r\n<!-- Ende Laufschrift -->\t\t<\/div>\n\t\t\t\t<\/div>\n\t\t\t\t\t<\/div>\n\t\t\t\t<\/div>\n\t\t<div class=\"elementor-element elementor-element-db74928 e-flex e-con-boxed e-con e-parent\" data-id=\"db74928\" data-element_type=\"container\">\n\t\t\t\t\t<div class=\"e-con-inner\">\n\t\t\t\t<div class=\"elementor-element elementor-element-5f3320a elementor-widget-divider--view-line elementor-widget elementor-widget-divider\" data-id=\"5f3320a\" data-element_type=\"widget\" data-widget_type=\"divider.default\">\n\t\t\t\t<div class=\"elementor-widget-container\">\n\t\t\t\t\t<div class=\"elementor-divider\">\n\t\t\t<span class=\"elementor-divider-separator\">\n\t\t\t\t\t\t<\/span>\n\t\t<\/div>\n\t\t\t\t<\/div>\n\t\t\t\t<\/div>\n\t\t\t\t\t<\/div>\n\t\t\t\t<\/div>\n\t\t\t\t<\/div>\n\t\t","protected":false},"excerpt":{"rendered":"<p>Herzlich willkommen beim Vorleser Schmidt H\u00f6rbuch Verlag! \u00dcber 200 H\u00f6rb\u00fccher gibt es schon von mir und ich hoffe, es kommen noch einige dazu. Der Zugriff auf meine H\u00f6rb\u00fccher erfolgt \u00fcber Audible. H\u00f6ren Sie doch gerne einmal hinein: www.audible.de F\u00fcr Fragen und Anregungen\u00a0kontaktieren Sie mich bitte\u00a0hier. 0 H\u00f6rb\u00fccher August Apel, Ariosto, Aurelius Augustinus, Wilhelmine von Bayreuth, [&hellip;]<\/p>\n","protected":false},"author":2,"featured_media":0,"parent":0,"menu_order":0,"comment_status":"closed","ping_status":"closed","template":"","meta":{"footnotes":""},"_links":{"self":[{"href":"http:\/\/www.vorleser-schmidt.de\/wordpress\/wp-json\/wp\/v2\/pages\/360"}],"collection":[{"href":"http:\/\/www.vorleser-schmidt.de\/wordpress\/wp-json\/wp\/v2\/pages"}],"about":[{"href":"http:\/\/www.vorleser-schmidt.de\/wordpress\/wp-json\/wp\/v2\/types\/page"}],"author":[{"embeddable":true,"href":"http:\/\/www.vorleser-schmidt.de\/wordpress\/wp-json\/wp\/v2\/users\/2"}],"replies":[{"embeddable":true,"href":"http:\/\/www.vorleser-schmidt.de\/wordpress\/wp-json\/wp\/v2\/comments?post=360"}],"version-history":[{"count":25,"href":"http:\/\/www.vorleser-schmidt.de\/wordpress\/wp-json\/wp\/v2\/pages\/360\/revisions"}],"predecessor-version":[{"id":443,"href":"http:\/\/www.vorleser-schmidt.de\/wordpress\/wp-json\/wp\/v2\/pages\/360\/revisions\/443"}],"wp:attachment":[{"href":"http:\/\/www.vorleser-schmidt.de\/wordpress\/wp-json\/wp\/v2\/media?parent=360"}],"curies":[{"name":"wp","href":"https:\/\/api.w.org\/{rel}","templated":true}]}}